{"id":11,"date":"2019-04-02T11:00:54","date_gmt":"2019-04-02T11:00:54","guid":{"rendered":"http:\/\/s522732757.online.de\/?page_id=11"},"modified":"2019-04-09T13:19:23","modified_gmt":"2019-04-09T13:19:23","slug":"transport","status":"publish","type":"page","link":"https:\/\/heizoel-vogel.de\/?page_id=11","title":{"rendered":"Transport"},"content":{"rendered":"<h2 style=\"text-align: center;\">Transporte &#8211; Nah- und Fernverkehr<\/h2>\n<p class=\"has-text-color has-background has-primary-color has-white-background-color\" style=\"text-align: center;\"><strong><em><span style=\"color: #ff0000;\">Transport ist Vertrauenssache!<\/span> <\/em><\/strong><\/p>\n<p>Unser kompetentes Team und eine moderne LKW-Flotte mit neuesten Kommunikationseinrichtungen garantieren eine zuverl\u00e4ssige und p\u00fcnktliche Transportabwicklung.<\/p>\n<p><img loading=\"lazy\" decoding=\"async\" class=\"alignright wp-image-49 size-full\" src=\"http:\/\/heizoel-vogel.de\/wp-content\/uploads\/2019\/04\/auto3.gif\" alt=\"\" width=\"151\" height=\"168\" \/><\/p>\n<figure class=\"wp-block-image\"><\/figure>\n<p>Unser Fuhrpark besteht aus modernsten Tautliner Sattelz\u00fcgen ebenso verf\u00fcgen unsere Fahrer alle \u00fcber eine Gefahrgutausbildung und alle Fahrzeuge sind dementsprechend ausger\u00fcstet.<\/p>\n<p><img loading=\"lazy\" decoding=\"async\" class=\"alignnone wp-image-75 size-full\" src=\"http:\/\/heizoel-vogel.de\/wp-content\/uploads\/2019\/04\/auto01.jpg\" alt=\"\" width=\"799\" height=\"366\" srcset=\"https:\/\/heizoel-vogel.de\/wp-content\/uploads\/2019\/04\/auto01.jpg 799w, https:\/\/heizoel-vogel.de\/wp-content\/uploads\/2019\/04\/auto01-300x137.jpg 300w, https:\/\/heizoel-vogel.de\/wp-content\/uploads\/2019\/04\/auto01-768x352.jpg 768w\" sizes=\"(max-width: 799px) 100vw, 799px\" \/><\/p>\n","protected":false},"excerpt":{"rendered":"<p>Transporte &#8211; Nah- und Fernverkehr Transport ist Vertrauenssache! Unser kompetentes Team und eine moderne LKW-Flotte mit neuesten Kommunikationseinrichtungen garantieren eine zuverl\u00e4ssige und p\u00fcnktliche Transportabwicklung. Unser Fuhrpark besteht aus modernsten Tautliner Sattelz\u00fcgen ebenso verf\u00fcgen unsere Fahrer alle \u00fcber eine Gefahrgutausbildung und <a href=\"https:\/\/heizoel-vogel.de\/?page_id=11\" class=\"more-link\">weiterlesen<\/a><\/p>\n","protected":false},"author":1,"featured_media":0,"parent":0,"menu_order":0,"comment_status":"closed","ping_status":"closed","template":"","meta":{"footnotes":""},"_links":{"self":[{"href":"https:\/\/heizoel-vogel.de\/index.php?rest_route=\/wp\/v2\/pages\/11"}],"collection":[{"href":"https:\/\/heizoel-vogel.de\/index.php?rest_route=\/wp\/v2\/pages"}],"about":[{"href":"https:\/\/heizoel-vogel.de\/index.php?rest_route=\/wp\/v2\/types\/page"}],"author":[{"embeddable":true,"href":"https:\/\/heizoel-vogel.de\/index.php?rest_route=\/wp\/v2\/users\/1"}],"replies":[{"embeddable":true,"href":"https:\/\/heizoel-vogel.de\/index.php?rest_route=%2Fwp%2Fv2%2Fcomments&post=11"}],"version-history":[{"count":13,"href":"https:\/\/heizoel-vogel.de\/index.php?rest_route=\/wp\/v2\/pages\/11\/revisions"}],"predecessor-version":[{"id":386,"href":"https:\/\/heizoel-vogel.de\/index.php?rest_route=\/wp\/v2\/pages\/11\/revisions\/386"}],"wp:attachment":[{"href":"https:\/\/heizoel-vogel.de\/index.php?rest_route=%2Fwp%2Fv2%2Fmedia&parent=11"}],"curies":[{"name":"wp","href":"https:\/\/api.w.org\/{rel}","templated":true}]}}