{"id":35,"date":"2019-04-02T11:33:29","date_gmt":"2019-04-02T11:33:29","guid":{"rendered":"http:\/\/s522732757.online.de\/?page_id=35"},"modified":"2023-05-10T10:50:42","modified_gmt":"2023-05-10T10:50:42","slug":"impressum","status":"publish","type":"page","link":"https:\/\/heizoel-vogel.de\/?page_id=35","title":{"rendered":"Impressum"},"content":{"rendered":"\n<p><strong>Impressum<\/strong> nach den verbindlichen gesetzlichen Vorgaben in\u00a7 6 Teledienstegesetz und \u00a7 6 Mediendienstestaatsvertrag. <\/p>\n\n\n\n<p>Anbieter\/Herausgeber: <br><\/p>\n\n\n\n<p><strong>Vogel Mineral\u00f6lhandel &amp; Transportlogistik GmbH<\/strong><\/p>\n\n\n\n<p>Gesch\u00e4ftsf\u00fchrer: G\u00fcnter Vogel, Jens Vogel, Andreas Vogel     <br>Ritter-Pflugk-Str. 2     <br>04249 Leipzig     <br>Tel. 0341- 42 49 871&nbsp;&nbsp;&nbsp;&nbsp; <br><\/p>\n\n\n\n<p>www.heizoel-vogel.de     <br>www.fuhrgeschaeft-vogel.de     <br>www.fuhrgesch\u00e4ft-vogel.de     <br>www.leipzig-heizoel.de     <\/p>\n\n\n\n<p>transport@heizoel-vogel.de       <\/p>\n\n\n\n<p>HRB 28633 St.-Nr.: 232\/ 121\/ 06984, <br>UST-IdNr.: DE 284 760 193<\/p>\n\n\n\n<p>Finanzamt Leipzig I <\/p>\n\n\n\n<p>Layout und Webdesign: Ina Kober, ina.kober@gmx.de <\/p>\n\n\n\n<p>Inhaltlich Verantwortlicher gem\u00e4\u00df \u00a7 6 MDStV: Jens Vogel, Andreas Vogel <\/p>\n\n\n\n<p>Beh\u00f6rde f\u00fcr erlaubnispflichtige T\u00e4tigkeit: Ordnungsamt Leipzig, Abt. Verkehr <\/p>\n\n\n\n<p>Haftungshinweis: Mit Urteil vom 12.Mai 1998 -312 085\/98- Haftung f\u00fcr Links- hat das Landgericht (LG) in Hamburg entschieden, dass man durch die Anbringung eines Links, die Inhalte der gelinkten Seite ggf. mit zu verantworten hat. Dies kann &#8211; so das LG &#8211; nur dadurch verhindert werden, indem man sich ausdr\u00fccklich von diesen Inhalten distanziert. Hiermit distanzieren wir uns ausdr\u00fccklich von allen Inhalten aller gelinkten Seiten auf unseren Seiten Diese Erkl\u00e4rung gilt f\u00fcr alle auf unserer Homepage angebrachten Links. Copyright \u00a9 Vogel Mineral\u00f6lhandel &amp; Transportlogistik GmbH Genannte Marken sind Eigentum ihrer jeweiligen Inhaber. Alle Rechte vorbehalten.  <\/p>\n","protected":false},"excerpt":{"rendered":"<p>Impressum nach den verbindlichen gesetzlichen Vorgaben in\u00a7 6 Teledienstegesetz und \u00a7 6 Mediendienstestaatsvertrag. Anbieter\/Herausgeber: Vogel Mineral\u00f6lhandel &amp; Transportlogistik GmbH Gesch\u00e4ftsf\u00fchrer: G\u00fcnter Vogel, Jens Vogel, Andreas Vogel Ritter-Pflugk-Str. 2 04249 Leipzig Tel. 0341- 42 49 871&nbsp;&nbsp;&nbsp;&nbsp; www.heizoel-vogel.de www.fuhrgeschaeft-vogel.de www.fuhrgesch\u00e4ft-vogel.de www.leipzig-heizoel.de transport@heizoel-vogel.de <a href=\"https:\/\/heizoel-vogel.de\/?page_id=35\" class=\"more-link\">weiterlesen<\/a><\/p>\n","protected":false},"author":1,"featured_media":0,"parent":0,"menu_order":0,"comment_status":"closed","ping_status":"closed","template":"","meta":{"footnotes":""},"_links":{"self":[{"href":"https:\/\/heizoel-vogel.de\/index.php?rest_route=\/wp\/v2\/pages\/35"}],"collection":[{"href":"https:\/\/heizoel-vogel.de\/index.php?rest_route=\/wp\/v2\/pages"}],"about":[{"href":"https:\/\/heizoel-vogel.de\/index.php?rest_route=\/wp\/v2\/types\/page"}],"author":[{"embeddable":true,"href":"https:\/\/heizoel-vogel.de\/index.php?rest_route=\/wp\/v2\/users\/1"}],"replies":[{"embeddable":true,"href":"https:\/\/heizoel-vogel.de\/index.php?rest_route=%2Fwp%2Fv2%2Fcomments&post=35"}],"version-history":[{"count":11,"href":"https:\/\/heizoel-vogel.de\/index.php?rest_route=\/wp\/v2\/pages\/35\/revisions"}],"predecessor-version":[{"id":1388,"href":"https:\/\/heizoel-vogel.de\/index.php?rest_route=\/wp\/v2\/pages\/35\/revisions\/1388"}],"wp:attachment":[{"href":"https:\/\/heizoel-vogel.de\/index.php?rest_route=%2Fwp%2Fv2%2Fmedia&parent=35"}],"curies":[{"name":"wp","href":"https:\/\/api.w.org\/{rel}","templated":true}]}}